{"id":3674,"date":"2024-05-06T09:33:15","date_gmt":"2024-05-06T07:33:15","guid":{"rendered":"https:\/\/www.forminsa.com\/actualite\/"},"modified":"2024-08-01T10:22:10","modified_gmt":"2024-08-01T08:22:10","slug":"actualite","status":"publish","type":"page","link":"https:\/\/www.forminsa.com\/fr\/actualite\/","title":{"rendered":"Actualit\u00e9"},"content":{"rendered":"\t\t<div data-elementor-type=\"wp-page\" data-elementor-id=\"3674\" class=\"elementor elementor-3674 elementor-771\" data-elementor-post-type=\"page\">\n\t\t\t\t<div class=\"elementor-element elementor-element-e10b494 e-con-full e-flex e-con e-parent\" data-id=\"e10b494\" data-element_type=\"container\" data-settings=\"{&quot;background_background&quot;:&quot;classic&quot;}\">\n\t\t<div class=\"elementor-element elementor-element-053d89b e-con-full e-flex e-con e-child\" data-id=\"053d89b\" data-element_type=\"container\">\n\t\t\t\t<div class=\"elementor-element elementor-element-31a169a elementor-widget elementor-widget-heading\" data-id=\"31a169a\" data-element_type=\"widget\" data-widget_type=\"heading.default\">\n\t\t\t\t<div class=\"elementor-widget-container\">\n\t\t\t\t\t<h1 class=\"elementor-heading-title elementor-size-default\">Actualit\u00e9<\/h1>\t\t\t\t<\/div>\n\t\t\t\t<\/div>\n\t\t\t\t<div class=\"elementor-element elementor-element-1fa9d45 elementor-widget elementor-widget-heading\" data-id=\"1fa9d45\" data-element_type=\"widget\" data-widget_type=\"heading.default\">\n\t\t\t\t<div class=\"elementor-widget-container\">\n\t\t\t\t\t<h2 class=\"elementor-heading-title elementor-size-default\">Derni\u00e8res nouvelles et faits marquants<\/h2>\t\t\t\t<\/div>\n\t\t\t\t<\/div>\n\t\t\t\t<div class=\"elementor-element elementor-element-abda4cc elementor-grid-3 elementor-grid-tablet-2 elementor-grid-mobile-1 elementor-posts--thumbnail-top elementor-widget elementor-widget-posts\" data-id=\"abda4cc\" data-element_type=\"widget\" data-settings=\"{&quot;classic_row_gap&quot;:{&quot;unit&quot;:&quot;px&quot;,&quot;size&quot;:46,&quot;sizes&quot;:[]},&quot;pagination_type&quot;:&quot;numbers_and_prev_next&quot;,&quot;classic_columns&quot;:&quot;3&quot;,&quot;classic_columns_tablet&quot;:&quot;2&quot;,&quot;classic_columns_mobile&quot;:&quot;1&quot;,&quot;classic_row_gap_laptop&quot;:{&quot;unit&quot;:&quot;px&quot;,&quot;size&quot;:&quot;&quot;,&quot;sizes&quot;:[]},&quot;classic_row_gap_tablet&quot;:{&quot;unit&quot;:&quot;px&quot;,&quot;size&quot;:&quot;&quot;,&quot;sizes&quot;:[]},&quot;classic_row_gap_mobile&quot;:{&quot;unit&quot;:&quot;px&quot;,&quot;size&quot;:&quot;&quot;,&quot;sizes&quot;:[]}}\" data-widget_type=\"posts.classic\">\n\t\t\t\t<div class=\"elementor-widget-container\">\n\t\t\t\t\t\t\t<div class=\"elementor-posts-container elementor-posts elementor-posts--skin-classic elementor-grid\" role=\"list\">\n\t\t\t\t<article class=\"elementor-post elementor-grid-item post-5673 post type-post status-publish format-standard has-post-thumbnail hentry category-non-classifiee\" role=\"listitem\">\n\t\t\t\t<a class=\"elementor-post__thumbnail__link\" href=\"https:\/\/www.forminsa.com\/fr\/mejora-en-el-sistema-de-climatizacion-de-las-naves-de-formin-s-a-en-sant-fruitos-de-bages\/\" tabindex=\"-1\" >\n\t\t\t<div class=\"elementor-post__thumbnail\"><img fetchpriority=\"high\" decoding=\"async\" width=\"1018\" height=\"736\" src=\"https:\/\/www.forminsa.com\/wp-content\/uploads\/2026\/02\/PRUEBA-8-1.jpg\" class=\"attachment-large size-large wp-image-5711\" alt=\"\" srcset=\"https:\/\/www.forminsa.com\/wp-content\/uploads\/2026\/02\/PRUEBA-8-1.jpg 1018w, https:\/\/www.forminsa.com\/wp-content\/uploads\/2026\/02\/PRUEBA-8-1-300x217.jpg 300w, https:\/\/www.forminsa.com\/wp-content\/uploads\/2026\/02\/PRUEBA-8-1-768x555.jpg 768w\" sizes=\"(max-width: 1018px) 100vw, 1018px\" \/><\/div>\n\t\t<\/a>\n\t\t\t\t<div class=\"elementor-post__text\">\n\t\t\t\t<h3 class=\"elementor-post__title\">\n\t\t\t<a href=\"https:\/\/www.forminsa.com\/fr\/mejora-en-el-sistema-de-climatizacion-de-las-naves-de-formin-s-a-en-sant-fruitos-de-bages\/\" >\n\t\t\t\tMEJORA EN EL SISTEMA DE CLIMATIZACI\u00d3N DE LAS NAVES DE FORMIN, S.A. EN SANT FRUIT\u00d3S DE BAGES\t\t\t<\/a>\n\t\t<\/h3>\n\t\t\t\t<div class=\"elementor-post__meta-data\">\n\t\t\t\t\t<span class=\"elementor-post-date\">\n\t\t\t24 de f\u00e9vrier de 2026\t\t<\/span>\n\t\t\t\t<\/div>\n\t\t\t\t<div class=\"elementor-post__excerpt\">\n\t\t\t<p>La actuaci\u00f3n ha consistido en la implantaci\u00f3n de un nuevo sistema de climatizaci\u00f3n industrial mediante equipos aerot\u00e9rmicos de alta eficiencia, destinado a climatizar la nave<\/p>\n\t\t<\/div>\n\t\t\n\t\t<a class=\"elementor-post__read-more\" href=\"https:\/\/www.forminsa.com\/fr\/mejora-en-el-sistema-de-climatizacion-de-las-naves-de-formin-s-a-en-sant-fruitos-de-bages\/\" aria-label=\"En savoir plus sur MEJORA EN EL SISTEMA DE CLIMATIZACI\u00d3N DE LAS NAVES DE FORMIN, S.A. EN SANT FRUIT\u00d3S DE BAGES\" tabindex=\"-1\" >\n\t\t\tLire la suite &gt;\t\t<\/a>\n\n\t\t\t\t<\/div>\n\t\t\t\t<\/article>\n\t\t\t\t<article class=\"elementor-post elementor-grid-item post-4995 post type-post status-publish format-standard has-post-thumbnail hentry category-non-classifiee\" role=\"listitem\">\n\t\t\t\t<a class=\"elementor-post__thumbnail__link\" href=\"https:\/\/www.forminsa.com\/fr\/tisax-certificate\/\" tabindex=\"-1\" >\n\t\t\t<div class=\"elementor-post__thumbnail\"><img decoding=\"async\" width=\"1024\" height=\"1024\" src=\"https:\/\/www.forminsa.com\/wp-content\/uploads\/2025\/11\/Blue-White-Minimal-and-Simple-Motivational-Quote-Linkedin-Post-6-1-1024x1024.jpg\" class=\"attachment-large size-large wp-image-5011\" alt=\"\" srcset=\"https:\/\/www.forminsa.com\/wp-content\/uploads\/2025\/11\/Blue-White-Minimal-and-Simple-Motivational-Quote-Linkedin-Post-6-1-1024x1024.jpg 1024w, https:\/\/www.forminsa.com\/wp-content\/uploads\/2025\/11\/Blue-White-Minimal-and-Simple-Motivational-Quote-Linkedin-Post-6-1-300x300.jpg 300w, https:\/\/www.forminsa.com\/wp-content\/uploads\/2025\/11\/Blue-White-Minimal-and-Simple-Motivational-Quote-Linkedin-Post-6-1-150x150.jpg 150w, https:\/\/www.forminsa.com\/wp-content\/uploads\/2025\/11\/Blue-White-Minimal-and-Simple-Motivational-Quote-Linkedin-Post-6-1-768x768.jpg 768w, https:\/\/www.forminsa.com\/wp-content\/uploads\/2025\/11\/Blue-White-Minimal-and-Simple-Motivational-Quote-Linkedin-Post-6-1-650x650.jpg 650w, https:\/\/www.forminsa.com\/wp-content\/uploads\/2025\/11\/Blue-White-Minimal-and-Simple-Motivational-Quote-Linkedin-Post-6-1.jpg 1200w\" sizes=\"(max-width: 1024px) 100vw, 1024px\" \/><\/div>\n\t\t<\/a>\n\t\t\t\t<div class=\"elementor-post__text\">\n\t\t\t\t<h3 class=\"elementor-post__title\">\n\t\t\t<a href=\"https:\/\/www.forminsa.com\/fr\/tisax-certificate\/\" >\n\t\t\t\tTISAX CERTIFICATION\t\t\t<\/a>\n\t\t<\/h3>\n\t\t\t\t<div class=\"elementor-post__meta-data\">\n\t\t\t\t\t<span class=\"elementor-post-date\">\n\t\t\t19 de novembre de 2025\t\t<\/span>\n\t\t\t\t<\/div>\n\t\t\t\t<div class=\"elementor-post__excerpt\">\n\t\t\t<p>At Forminsa, we have obtained TISAX certification aligned with the ISO 27001:2022 standard, an international recognition that highlights the excellence and strength of our Information<\/p>\n\t\t<\/div>\n\t\t\n\t\t<a class=\"elementor-post__read-more\" href=\"https:\/\/www.forminsa.com\/fr\/tisax-certificate\/\" aria-label=\"En savoir plus sur TISAX CERTIFICATION\" tabindex=\"-1\" >\n\t\t\tLire la suite &gt;\t\t<\/a>\n\n\t\t\t\t<\/div>\n\t\t\t\t<\/article>\n\t\t\t\t<article class=\"elementor-post elementor-grid-item post-4940 post type-post status-publish format-standard has-post-thumbnail hentry category-non-classifiee\" role=\"listitem\">\n\t\t\t\t<a class=\"elementor-post__thumbnail__link\" href=\"https:\/\/www.forminsa.com\/fr\/proyecto-perte-vec\/\" tabindex=\"-1\" >\n\t\t\t<div class=\"elementor-post__thumbnail\"><img decoding=\"async\" width=\"686\" height=\"656\" src=\"https:\/\/www.forminsa.com\/wp-content\/uploads\/2025\/11\/logo-ultima-publ-10-11-1.jpg\" class=\"attachment-large size-large wp-image-4954\" alt=\"\" srcset=\"https:\/\/www.forminsa.com\/wp-content\/uploads\/2025\/11\/logo-ultima-publ-10-11-1.jpg 686w, https:\/\/www.forminsa.com\/wp-content\/uploads\/2025\/11\/logo-ultima-publ-10-11-1-300x287.jpg 300w\" sizes=\"(max-width: 686px) 100vw, 686px\" \/><\/div>\n\t\t<\/a>\n\t\t\t\t<div class=\"elementor-post__text\">\n\t\t\t\t<h3 class=\"elementor-post__title\">\n\t\t\t<a href=\"https:\/\/www.forminsa.com\/fr\/proyecto-perte-vec\/\" >\n\t\t\t\tPERTE VEC PROJECT\t\t\t<\/a>\n\t\t<\/h3>\n\t\t\t\t<div class=\"elementor-post__meta-data\">\n\t\t\t\t\t<span class=\"elementor-post-date\">\n\t\t\t10 de novembre de 2025\t\t<\/span>\n\t\t\t\t<\/div>\n\t\t\t\t<div class=\"elementor-post__excerpt\">\n\t\t\t<p>This project it is framed in the heading of Research, Development and Innovation and, specifically under the Experimental Development section, by contemplating the acquisition, combination,<\/p>\n\t\t<\/div>\n\t\t\n\t\t<a class=\"elementor-post__read-more\" href=\"https:\/\/www.forminsa.com\/fr\/proyecto-perte-vec\/\" aria-label=\"En savoir plus sur PERTE VEC PROJECT\" tabindex=\"-1\" >\n\t\t\tLire la suite &gt;\t\t<\/a>\n\n\t\t\t\t<\/div>\n\t\t\t\t<\/article>\n\t\t\t\t<article class=\"elementor-post elementor-grid-item post-4785 post type-post status-publish format-standard has-post-thumbnail hentry category-non-classifiee\" role=\"listitem\">\n\t\t\t\t<a class=\"elementor-post__thumbnail__link\" href=\"https:\/\/www.forminsa.com\/fr\/green-accio\/\" tabindex=\"-1\" >\n\t\t\t<div class=\"elementor-post__thumbnail\"><img loading=\"lazy\" decoding=\"async\" width=\"938\" height=\"675\" src=\"https:\/\/www.forminsa.com\/wp-content\/uploads\/2025\/09\/LOGO-ACCIO-PRUEBA-7-1.jpg\" class=\"attachment-large size-large wp-image-4820\" alt=\"\" srcset=\"https:\/\/www.forminsa.com\/wp-content\/uploads\/2025\/09\/LOGO-ACCIO-PRUEBA-7-1.jpg 938w, https:\/\/www.forminsa.com\/wp-content\/uploads\/2025\/09\/LOGO-ACCIO-PRUEBA-7-1-300x216.jpg 300w, https:\/\/www.forminsa.com\/wp-content\/uploads\/2025\/09\/LOGO-ACCIO-PRUEBA-7-1-768x553.jpg 768w\" sizes=\"(max-width: 938px) 100vw, 938px\" \/><\/div>\n\t\t<\/a>\n\t\t\t\t<div class=\"elementor-post__text\">\n\t\t\t\t<h3 class=\"elementor-post__title\">\n\t\t\t<a href=\"https:\/\/www.forminsa.com\/fr\/green-accio\/\" >\n\t\t\t\tGREEN ACCI\u00d3\t\t\t<\/a>\n\t\t<\/h3>\n\t\t\t\t<div class=\"elementor-post__meta-data\">\n\t\t\t\t\t<span class=\"elementor-post-date\">\n\t\t\t1 de septembre de 2025\t\t<\/span>\n\t\t\t\t<\/div>\n\t\t\t\t<div class=\"elementor-post__excerpt\">\n\t\t\t<p>FORMINSA has been awarded financial support by ACCI\u00d3 \u2013 the Agency for Business Competitiveness \u2013 to receive specialized technical consultancy for the project entitled \u201cCarbon<\/p>\n\t\t<\/div>\n\t\t\n\t\t<a class=\"elementor-post__read-more\" href=\"https:\/\/www.forminsa.com\/fr\/green-accio\/\" aria-label=\"En savoir plus sur GREEN ACCI\u00d3\" tabindex=\"-1\" >\n\t\t\tLire la suite &gt;\t\t<\/a>\n\n\t\t\t\t<\/div>\n\t\t\t\t<\/article>\n\t\t\t\t<article class=\"elementor-post elementor-grid-item post-4535 post type-post status-publish format-standard has-post-thumbnail hentry category-non-classifiee\" role=\"listitem\">\n\t\t\t\t<a class=\"elementor-post__thumbnail__link\" href=\"https:\/\/www.forminsa.com\/fr\/bemat-forminsas-own-technology\/\" tabindex=\"-1\" >\n\t\t\t<div class=\"elementor-post__thumbnail\"><img loading=\"lazy\" decoding=\"async\" width=\"413\" height=\"329\" src=\"https:\/\/www.forminsa.com\/wp-content\/uploads\/2025\/05\/post-BeMat-2-busbar-1659-1-5.jpg\" class=\"attachment-large size-large wp-image-4738\" alt=\"\" srcset=\"https:\/\/www.forminsa.com\/wp-content\/uploads\/2025\/05\/post-BeMat-2-busbar-1659-1-5.jpg 413w, https:\/\/www.forminsa.com\/wp-content\/uploads\/2025\/05\/post-BeMat-2-busbar-1659-1-5-300x239.jpg 300w\" sizes=\"(max-width: 413px) 100vw, 413px\" \/><\/div>\n\t\t<\/a>\n\t\t\t\t<div class=\"elementor-post__text\">\n\t\t\t\t<h3 class=\"elementor-post__title\">\n\t\t\t<a href=\"https:\/\/www.forminsa.com\/fr\/bemat-forminsas-own-technology\/\" >\n\t\t\t\tBEMAT &#8211; FORMINSA\u2019S OWN TECHNOLOGY!\t\t\t<\/a>\n\t\t<\/h3>\n\t\t\t\t<div class=\"elementor-post__meta-data\">\n\t\t\t\t\t<span class=\"elementor-post-date\">\n\t\t\t30 de mai de 2025\t\t<\/span>\n\t\t\t\t<\/div>\n\t\t\t\t<div class=\"elementor-post__excerpt\">\n\t\t\t<p>Forminsa\u2019s presents its expertise and innovative Busbars production with the value proposal of reducing the cost of busbar between 15-20% from conventional stamping. At\u00a0Forminsa, we<\/p>\n\t\t<\/div>\n\t\t\n\t\t<a class=\"elementor-post__read-more\" href=\"https:\/\/www.forminsa.com\/fr\/bemat-forminsas-own-technology\/\" aria-label=\"En savoir plus sur BEMAT &#8211; FORMINSA\u2019S OWN TECHNOLOGY!\" tabindex=\"-1\" >\n\t\t\tLire la suite &gt;\t\t<\/a>\n\n\t\t\t\t<\/div>\n\t\t\t\t<\/article>\n\t\t\t\t<article class=\"elementor-post elementor-grid-item post-4418 post type-post status-publish format-standard has-post-thumbnail hentry category-non-classifiee\" role=\"listitem\">\n\t\t\t\t<a class=\"elementor-post__thumbnail__link\" href=\"https:\/\/www.forminsa.com\/fr\/forminsa-en-the-battery-show-europe-2025\/\" tabindex=\"-1\" >\n\t\t\t<div class=\"elementor-post__thumbnail\"><img loading=\"lazy\" decoding=\"async\" width=\"788\" height=\"358\" src=\"https:\/\/www.forminsa.com\/wp-content\/uploads\/2025\/04\/Captura-de-pantalla-2025-04-04-115124.png\" class=\"attachment-large size-large wp-image-4453\" alt=\"\" srcset=\"https:\/\/www.forminsa.com\/wp-content\/uploads\/2025\/04\/Captura-de-pantalla-2025-04-04-115124.png 788w, https:\/\/www.forminsa.com\/wp-content\/uploads\/2025\/04\/Captura-de-pantalla-2025-04-04-115124-300x136.png 300w, https:\/\/www.forminsa.com\/wp-content\/uploads\/2025\/04\/Captura-de-pantalla-2025-04-04-115124-768x349.png 768w\" sizes=\"(max-width: 788px) 100vw, 788px\" \/><\/div>\n\t\t<\/a>\n\t\t\t\t<div class=\"elementor-post__text\">\n\t\t\t\t<h3 class=\"elementor-post__title\">\n\t\t\t<a href=\"https:\/\/www.forminsa.com\/fr\/forminsa-en-the-battery-show-europe-2025\/\" >\n\t\t\t\tFORMINSA en The Battery Show Europe 2025\t\t\t<\/a>\n\t\t<\/h3>\n\t\t\t\t<div class=\"elementor-post__meta-data\">\n\t\t\t\t\t<span class=\"elementor-post-date\">\n\t\t\t3 de avril de 2025\t\t<\/span>\n\t\t\t\t<\/div>\n\t\t\t\t<div class=\"elementor-post__excerpt\">\n\t\t\t<p>Join us in\u00a0Stuttgart from June 3-5\u00a0at booth\u00a0#7-E26! Discover our advanced solutions and innovative materials for the battery industry. Use our promo code INVT684029\u00a0for a\u00a0FREE expo<\/p>\n\t\t<\/div>\n\t\t\n\t\t<a class=\"elementor-post__read-more\" href=\"https:\/\/www.forminsa.com\/fr\/forminsa-en-the-battery-show-europe-2025\/\" aria-label=\"En savoir plus sur FORMINSA en The Battery Show Europe 2025\" tabindex=\"-1\" >\n\t\t\tLire la suite &gt;\t\t<\/a>\n\n\t\t\t\t<\/div>\n\t\t\t\t<\/article>\n\t\t\t\t<\/div>\n\t\t\n\t\t\t\t<div class=\"e-load-more-anchor\" data-page=\"1\" data-max-page=\"4\" data-next-page=\"https:\/\/www.forminsa.com\/fr\/wp-json\/wp\/v2\/pages\/3674\/page\/2\/\"><\/div>\n\t\t\t\t<nav class=\"elementor-pagination\" aria-label=\"Pagination\">\n\t\t\t<span class=\"page-numbers prev\">< Pr\u00e9c\u00e9dent<\/span>\n<span aria-current=\"page\" class=\"page-numbers current\"><span class=\"elementor-screen-only\">Page<\/span>1<\/span>\n<a class=\"page-numbers\" href=\"https:\/\/www.forminsa.com\/fr\/wp-json\/wp\/v2\/pages\/3674\/page\/2\/\"><span class=\"elementor-screen-only\">Page<\/span>2<\/a>\n<a class=\"page-numbers\" href=\"https:\/\/www.forminsa.com\/fr\/wp-json\/wp\/v2\/pages\/3674\/page\/3\/\"><span class=\"elementor-screen-only\">Page<\/span>3<\/a>\n<a class=\"page-numbers\" href=\"https:\/\/www.forminsa.com\/fr\/wp-json\/wp\/v2\/pages\/3674\/page\/4\/\"><span class=\"elementor-screen-only\">Page<\/span>4<\/a>\n<a class=\"page-numbers next\" href=\"https:\/\/www.forminsa.com\/fr\/wp-json\/wp\/v2\/pages\/3674\/page\/2\/\">Suivant ><\/a>\t\t<\/nav>\n\t\t\t\t\t\t<\/div>\n\t\t\t\t<\/div>\n\t\t\t\t<\/div>\n\t\t\t\t<\/div>\n\t\t\t\t<\/div>\n\t\t","protected":false},"excerpt":{"rendered":"<p>Derni\u00e8res nouvelles et faits marquants<\/p>\n","protected":false},"author":1,"featured_media":0,"parent":0,"menu_order":0,"comment_status":"closed","ping_status":"closed","template":"elementor_header_footer","meta":{"neve_meta_sidebar":"","neve_meta_container":"","neve_meta_enable_content_width":"off","neve_meta_content_width":100,"neve_meta_title_alignment":"","neve_meta_author_avatar":"","neve_post_elements_order":"","neve_meta_disable_header":"","neve_meta_disable_footer":"","neve_meta_disable_title":"","footnotes":""},"class_list":["post-3674","page","type-page","status-publish","hentry"],"yoast_head":"<!-- This site is optimized with the Yoast SEO plugin v26.1 - https:\/\/yoast.com\/wordpress\/plugins\/seo\/ -->\n<title>Actualit\u00e9 | Forminsa<\/title>\n<meta name=\"description\" content=\"Sur la page d\u2019actualit\u00e9, vous trouverez les derni\u00e8res nouvelles et les mises \u00e0 jour concernant l\u2019entreprise, les r\u00e9ussites et les avanc\u00e9es de Forminsa.\" \/>\n<meta name=\"robots\" content=\"index, follow, max-snippet:-1, max-image-preview:large, max-video-preview:-1\" \/>\n<link rel=\"canonical\" href=\"https:\/\/www.forminsa.com\/fr\/actualite\/\" \/>\n<meta property=\"og:locale\" content=\"fr_FR\" \/>\n<meta property=\"og:type\" content=\"article\" \/>\n<meta property=\"og:title\" content=\"Actualit\u00e9 | Forminsa\" \/>\n<meta property=\"og:description\" content=\"Sur la page d\u2019actualit\u00e9, vous trouverez les derni\u00e8res nouvelles et les mises \u00e0 jour concernant l\u2019entreprise, les r\u00e9ussites et les avanc\u00e9es de Forminsa.\" \/>\n<meta property=\"og:url\" content=\"https:\/\/www.forminsa.com\/fr\/actualite\/\" \/>\n<meta property=\"og:site_name\" content=\"Forminsa\" \/>\n<meta property=\"article:modified_time\" content=\"2024-08-01T08:22:10+00:00\" \/>\n<meta property=\"og:image\" content=\"https:\/\/www.forminsa.com\/wp-content\/uploads\/2024\/08\/Logo_Forminsa.png\" \/>\n\t<meta property=\"og:image:width\" content=\"1654\" \/>\n\t<meta property=\"og:image:height\" content=\"864\" \/>\n\t<meta property=\"og:image:type\" content=\"image\/png\" \/>\n<meta name=\"twitter:card\" content=\"summary_large_image\" \/>\n<script type=\"application\/ld+json\" class=\"yoast-schema-graph\">{\"@context\":\"https:\/\/schema.org\",\"@graph\":[{\"@type\":\"WebPage\",\"@id\":\"https:\/\/www.forminsa.com\/fr\/actualite\/\",\"url\":\"https:\/\/www.forminsa.com\/fr\/actualite\/\",\"name\":\"Actualit\u00e9 | Forminsa\",\"isPartOf\":{\"@id\":\"https:\/\/www.forminsa.com\/fr\/#website\"},\"datePublished\":\"2024-05-06T07:33:15+00:00\",\"dateModified\":\"2024-08-01T08:22:10+00:00\",\"description\":\"Sur la page d\u2019actualit\u00e9, vous trouverez les derni\u00e8res nouvelles et les mises \u00e0 jour concernant l\u2019entreprise, les r\u00e9ussites et les avanc\u00e9es de Forminsa.\",\"breadcrumb\":{\"@id\":\"https:\/\/www.forminsa.com\/fr\/actualite\/#breadcrumb\"},\"inLanguage\":\"fr-FR\",\"potentialAction\":[{\"@type\":\"ReadAction\",\"target\":[\"https:\/\/www.forminsa.com\/fr\/actualite\/\"]}]},{\"@type\":\"BreadcrumbList\",\"@id\":\"https:\/\/www.forminsa.com\/fr\/actualite\/#breadcrumb\",\"itemListElement\":[{\"@type\":\"ListItem\",\"position\":1,\"name\":\"Portada\",\"item\":\"https:\/\/www.forminsa.com\/fr\/page-daccueil\/\"},{\"@type\":\"ListItem\",\"position\":2,\"name\":\"Actualit\u00e9\"}]},{\"@type\":\"WebSite\",\"@id\":\"https:\/\/www.forminsa.com\/fr\/#website\",\"url\":\"https:\/\/www.forminsa.com\/fr\/\",\"name\":\"Forminsa\",\"description\":\"Formin the future\",\"publisher\":{\"@id\":\"https:\/\/www.forminsa.com\/fr\/#organization\"},\"alternateName\":\"Forminsa\",\"potentialAction\":[{\"@type\":\"SearchAction\",\"target\":{\"@type\":\"EntryPoint\",\"urlTemplate\":\"https:\/\/www.forminsa.com\/fr\/?s={search_term_string}\"},\"query-input\":{\"@type\":\"PropertyValueSpecification\",\"valueRequired\":true,\"valueName\":\"search_term_string\"}}],\"inLanguage\":\"fr-FR\"},{\"@type\":\"Organization\",\"@id\":\"https:\/\/www.forminsa.com\/fr\/#organization\",\"name\":\"Forminsa\",\"alternateName\":\"Forminsa\",\"url\":\"https:\/\/www.forminsa.com\/fr\/\",\"logo\":{\"@type\":\"ImageObject\",\"inLanguage\":\"fr-FR\",\"@id\":\"https:\/\/www.forminsa.com\/fr\/#\/schema\/logo\/image\/\",\"url\":\"https:\/\/www.forminsa.com\/wp-content\/uploads\/2024\/06\/Forminsa-Marker@62-1.png\",\"contentUrl\":\"https:\/\/www.forminsa.com\/wp-content\/uploads\/2024\/06\/Forminsa-Marker@62-1.png\",\"width\":62,\"height\":62,\"caption\":\"Forminsa\"},\"image\":{\"@id\":\"https:\/\/www.forminsa.com\/fr\/#\/schema\/logo\/image\/\"},\"sameAs\":[\"https:\/\/www.forminsa.com\/\"]}]}<\/script>\n<!-- \/ Yoast SEO plugin. -->","yoast_head_json":{"title":"Actualit\u00e9 | Forminsa","description":"Sur la page d\u2019actualit\u00e9, vous trouverez les derni\u00e8res nouvelles et les mises \u00e0 jour concernant l\u2019entreprise, les r\u00e9ussites et les avanc\u00e9es de Forminsa.","robots":{"index":"index","follow":"follow","max-snippet":"max-snippet:-1","max-image-preview":"max-image-preview:large","max-video-preview":"max-video-preview:-1"},"canonical":"https:\/\/www.forminsa.com\/fr\/actualite\/","og_locale":"fr_FR","og_type":"article","og_title":"Actualit\u00e9 | Forminsa","og_description":"Sur la page d\u2019actualit\u00e9, vous trouverez les derni\u00e8res nouvelles et les mises \u00e0 jour concernant l\u2019entreprise, les r\u00e9ussites et les avanc\u00e9es de Forminsa.","og_url":"https:\/\/www.forminsa.com\/fr\/actualite\/","og_site_name":"Forminsa","article_modified_time":"2024-08-01T08:22:10+00:00","og_image":[{"width":1654,"height":864,"url":"https:\/\/www.forminsa.com\/wp-content\/uploads\/2024\/08\/Logo_Forminsa.png","type":"image\/png"}],"twitter_card":"summary_large_image","schema":{"@context":"https:\/\/schema.org","@graph":[{"@type":"WebPage","@id":"https:\/\/www.forminsa.com\/fr\/actualite\/","url":"https:\/\/www.forminsa.com\/fr\/actualite\/","name":"Actualit\u00e9 | Forminsa","isPartOf":{"@id":"https:\/\/www.forminsa.com\/fr\/#website"},"datePublished":"2024-05-06T07:33:15+00:00","dateModified":"2024-08-01T08:22:10+00:00","description":"Sur la page d\u2019actualit\u00e9, vous trouverez les derni\u00e8res nouvelles et les mises \u00e0 jour concernant l\u2019entreprise, les r\u00e9ussites et les avanc\u00e9es de Forminsa.","breadcrumb":{"@id":"https:\/\/www.forminsa.com\/fr\/actualite\/#breadcrumb"},"inLanguage":"fr-FR","potentialAction":[{"@type":"ReadAction","target":["https:\/\/www.forminsa.com\/fr\/actualite\/"]}]},{"@type":"BreadcrumbList","@id":"https:\/\/www.forminsa.com\/fr\/actualite\/#breadcrumb","itemListElement":[{"@type":"ListItem","position":1,"name":"Portada","item":"https:\/\/www.forminsa.com\/fr\/page-daccueil\/"},{"@type":"ListItem","position":2,"name":"Actualit\u00e9"}]},{"@type":"WebSite","@id":"https:\/\/www.forminsa.com\/fr\/#website","url":"https:\/\/www.forminsa.com\/fr\/","name":"Forminsa","description":"Formin the future","publisher":{"@id":"https:\/\/www.forminsa.com\/fr\/#organization"},"alternateName":"Forminsa","potentialAction":[{"@type":"SearchAction","target":{"@type":"EntryPoint","urlTemplate":"https:\/\/www.forminsa.com\/fr\/?s={search_term_string}"},"query-input":{"@type":"PropertyValueSpecification","valueRequired":true,"valueName":"search_term_string"}}],"inLanguage":"fr-FR"},{"@type":"Organization","@id":"https:\/\/www.forminsa.com\/fr\/#organization","name":"Forminsa","alternateName":"Forminsa","url":"https:\/\/www.forminsa.com\/fr\/","logo":{"@type":"ImageObject","inLanguage":"fr-FR","@id":"https:\/\/www.forminsa.com\/fr\/#\/schema\/logo\/image\/","url":"https:\/\/www.forminsa.com\/wp-content\/uploads\/2024\/06\/Forminsa-Marker@62-1.png","contentUrl":"https:\/\/www.forminsa.com\/wp-content\/uploads\/2024\/06\/Forminsa-Marker@62-1.png","width":62,"height":62,"caption":"Forminsa"},"image":{"@id":"https:\/\/www.forminsa.com\/fr\/#\/schema\/logo\/image\/"},"sameAs":["https:\/\/www.forminsa.com\/"]}]}},"_links":{"self":[{"href":"https:\/\/www.forminsa.com\/fr\/wp-json\/wp\/v2\/pages\/3674","targetHints":{"allow":["GET"]}}],"collection":[{"href":"https:\/\/www.forminsa.com\/fr\/wp-json\/wp\/v2\/pages"}],"about":[{"href":"https:\/\/www.forminsa.com\/fr\/wp-json\/wp\/v2\/types\/page"}],"author":[{"embeddable":true,"href":"https:\/\/www.forminsa.com\/fr\/wp-json\/wp\/v2\/users\/1"}],"replies":[{"embeddable":true,"href":"https:\/\/www.forminsa.com\/fr\/wp-json\/wp\/v2\/comments?post=3674"}],"version-history":[{"count":1,"href":"https:\/\/www.forminsa.com\/fr\/wp-json\/wp\/v2\/pages\/3674\/revisions"}],"predecessor-version":[{"id":3675,"href":"https:\/\/www.forminsa.com\/fr\/wp-json\/wp\/v2\/pages\/3674\/revisions\/3675"}],"wp:attachment":[{"href":"https:\/\/www.forminsa.com\/fr\/wp-json\/wp\/v2\/media?parent=3674"}],"curies":[{"name":"wp","href":"https:\/\/api.w.org\/{rel}","templated":true}]}}