{"id":3376,"date":"2021-04-21T07:39:55","date_gmt":"2021-04-21T05:39:55","guid":{"rendered":"https:\/\/www.forminsa.com\/privacy-policy\/"},"modified":"2024-08-01T10:27:15","modified_gmt":"2024-08-01T08:27:15","slug":"datenschutzbestimmungen","status":"publish","type":"page","link":"https:\/\/www.forminsa.com\/de\/datenschutzbestimmungen\/","title":{"rendered":"Datenschutzbestimmungen"},"content":{"rendered":"\t\t<div data-elementor-type=\"wp-page\" data-elementor-id=\"3376\" class=\"elementor elementor-3376 elementor-3\" data-elementor-post-type=\"page\">\n\t\t\t\t\t\t<section class=\"elementor-section elementor-top-section elementor-element elementor-element-4bb98640 elementor-section-boxed elementor-section-height-default elementor-section-height-default\" data-id=\"4bb98640\" data-element_type=\"section\">\n\t\t\t\t\t\t<div class=\"elementor-container elementor-column-gap-default\">\n\t\t\t\t\t<div class=\"elementor-column elementor-col-100 elementor-top-column elementor-element elementor-element-7bb97935\" data-id=\"7bb97935\" data-element_type=\"column\">\n\t\t\t<div class=\"elementor-widget-wrap elementor-element-populated\">\n\t\t\t\t\t\t<div class=\"elementor-element elementor-element-55ef91f8 elementor-widget elementor-widget-text-editor\" data-id=\"55ef91f8\" data-element_type=\"widget\" data-widget_type=\"text-editor.default\">\n\t\t\t\t<div class=\"elementor-widget-container\">\n\t\t\t\t\t\t\t\t\t<p><strong>Allgemeine Datenschutzverordnung (RGDP) &#8211; Dezember 2018. <\/strong><\/p>\n<p>Wir informieren Sie, dass die personenbezogenen Daten unserer Kunden in \u00dcbereinstimmung mit der geltenden Gesetzgebung zum Schutz personenbezogener Daten, der Privatsph\u00e4re der Nutzer und der Geheimhaltung und Sicherheit personenbezogener Daten behandelt werden, in \u00dcbereinstimmung mit den Bestimmungen des spanischen Organgesetzes 3\/2018, vom 5. Dezember \u00fcber den Schutz personenbezogener Daten und die Gew\u00e4hrleistung der digitalen Rechte (LOPD-GDD) und der Verordnung (EU) 2016\/679 des Europ\u00e4ischen Parlaments und des Rates vom 27. April 2016 zum Schutz nat\u00fcrlicher Personen bei der Verarbeitung personenbezogener Daten (DSGVO). <\/p>\n<p>Um der oben genannten Verordnung zu entsprechen, haben wir unsere Datenschutzerkl\u00e4rung aktualisiert:<\/p>\n<p>Verantwortlicher: FORMIN, SA mit der NIF A58098179<\/p>\n<p>Zweck der Verarbeitung: Wir verarbeiten die von Ihnen bereitgestellten Daten, um Ihnen die angeforderte Dienstleistung zu erbringen und Ihnen Mitteilungen \u00fcber den Inhalt unserer Produkte und Dienstleistungen zukommen zu lassen.<\/p>\n<\/p>\n<ul>\n<li>Herkunft und Kategorie der verarbeiteten Daten: Die personenbezogenen Daten, die wir verarbeiten, sind Ihre Identifikationsdaten, die Sie uns \u00fcber das Anmeldeformular auf unserer Website zur Verf\u00fcgung stellen.\n<ul>\n<li>Aufbewahrungsdauer: Die zur Verf\u00fcgung gestellten Daten werden so lange aufbewahrt, wie die Gesch\u00e4ftsbeziehung aufrechterhalten wird oder so lange, wie es zur Erf\u00fcllung gesetzlicher Verpflichtungen erforderlich ist.\n<li>Legitimation: Wir verarbeiten Ihre Daten nur, wenn wir Ihre ausdr\u00fcckliche und informierte Zustimmung dazu haben, und immer in \u00dcbereinstimmung mit den beschriebenen Zwecken.<\/li>\n<\/ul>\n<\/li>\n<li>Empf\u00e4nger: Die Daten, die Sie uns zur Verf\u00fcgung stellen, werden nicht an Dritte weitergegeben, es sei denn, es besteht eine gesetzliche Verpflichtung.\n<\/ul>\n<p>Zur Erf\u00fcllung bestimmter, f\u00fcr die Erbringung des Dienstes notwendiger Funktionen k\u00f6nnen Ihre Daten jedoch von Dritten verarbeitet werden, die als Datenverarbeiter fungieren und vertraglich verpflichtet sind, ihren gesetzlichen Verpflichtungen als Datenverarbeiter nachzukommen und die Vertraulichkeit und Geheimhaltung der Informationen zu wahren.<\/p>\n<ul>\n<li>Rechte: Sie haben die folgenden Rechte an Ihren personenbezogenen Daten:<\/li>\n<li>Recht auf Zugang zu personenbezogenen Daten.<\/li>\n<li>Recht auf Zugang zu personenbezogenen Daten.<\/li>\n<li>Recht auf Zugang zu personenbezogenen Daten.\n<li>Recht, ihre Berichtigung oder L\u00f6schung zu verlangen.<\/li>\n<li>Recht, ihre Berichtigung oder L\u00f6schung zu verlangen.<\/li>\n<li>Recht, ihre Berichtigung oder L\u00f6schung zu verlangen.\n<li>Recht auf Einschr\u00e4nkung der Verarbeitung oder Widerspruch dagegen.<\/li>\n<li>Recht auf Einschr\u00e4nkung der Verarbeitung oder Widerspruch dagegen.\n<li>Widerruf der erteilten Einwilligung.<\/li>\n<li>Widerruf der erteilten Einwilligung.\n<li>Recht auf \u00dcbertragbarkeit Ihrer Daten<\/li>\n<p>.\n<\/ul>\n<p>F\u00fcr die Aus\u00fcbung der Rechte m\u00fcssen Sie uns eine schriftliche Mitteilung per E-Mail an die Adresse info@forminsa.com senden, in der Sie das Recht, das Sie aus\u00fcben m\u00f6chten, angeben. <\/p>\n<p>Au\u00dferdem informieren wir Sie dar\u00fcber, dass Sie den Schutz Ihrer Rechte bei der spanischen Datenschutzbeh\u00f6rde mit Sitz in der Calle de Jorge Juan, 6, 28001 Madrid beantragen k\u00f6nnen. <\/p>\n\t\t\t\t\t\t\t\t<\/div>\n\t\t\t\t<\/div>\n\t\t\t\t\t<\/div>\n\t\t<\/div>\n\t\t\t\t\t<\/div>\n\t\t<\/section>\n\t\t\t\t<\/div>\n\t\t","protected":false},"excerpt":{"rendered":"<p>Allgemeine Datenschutzverordnung (RGDP) &#8211; Dezember 2018. Wir informieren Sie, dass die personenbezogenen Daten unserer Kunden in \u00dcbereinstimmung mit der geltenden Gesetzgebung zum Schutz personenbezogener Daten, der Privatsph\u00e4re der Nutzer und der Geheimhaltung und Sicherheit personenbezogener Daten behandelt werden, in \u00dcbereinstimmung mit den Bestimmungen des spanischen Organgesetzes 3\/2018, vom 5. Dezember \u00fcber den Schutz personenbezogener Daten&hellip;&nbsp;<a href=\"https:\/\/www.forminsa.com\/de\/datenschutzbestimmungen\/\" rel=\"bookmark\">Weiterlesen &raquo;<span class=\"screen-reader-text\">Datenschutzbestimmungen<\/span><\/a><\/p>\n","protected":false},"author":1,"featured_media":0,"parent":0,"menu_order":0,"comment_status":"closed","ping_status":"closed","template":"","meta":{"neve_meta_sidebar":"","neve_meta_container":"","neve_meta_enable_content_width":"off","neve_meta_content_width":100,"neve_meta_title_alignment":"","neve_meta_author_avatar":"","neve_post_elements_order":"","neve_meta_disable_header":"","neve_meta_disable_footer":"","neve_meta_disable_title":"","footnotes":""},"class_list":["post-3376","page","type-page","status-publish","hentry"],"yoast_head":"<!-- This site is optimized with the Yoast SEO plugin v26.1 - https:\/\/yoast.com\/wordpress\/plugins\/seo\/ -->\n<title>Datenschutzbestimmungen | Forminsa<\/title>\n<meta name=\"robots\" content=\"noindex, follow\" \/>\n<meta property=\"og:locale\" content=\"de_DE\" \/>\n<meta property=\"og:type\" content=\"article\" \/>\n<meta property=\"og:title\" content=\"Datenschutzbestimmungen | Forminsa\" \/>\n<meta property=\"og:description\" content=\"Allgemeine Datenschutzverordnung (RGDP) &#8211; Dezember 2018. Wir informieren Sie, dass die personenbezogenen Daten unserer Kunden in \u00dcbereinstimmung mit der geltenden Gesetzgebung zum Schutz personenbezogener Daten, der Privatsph\u00e4re der Nutzer und der Geheimhaltung und Sicherheit personenbezogener Daten behandelt werden, in \u00dcbereinstimmung mit den Bestimmungen des spanischen Organgesetzes 3\/2018, vom 5. Dezember \u00fcber den Schutz personenbezogener Daten&hellip;&nbsp;Weiterlesen &raquo;Datenschutzbestimmungen\" \/>\n<meta property=\"og:url\" content=\"https:\/\/www.forminsa.com\/de\/datenschutzbestimmungen\/\" \/>\n<meta property=\"og:site_name\" content=\"Forminsa\" \/>\n<meta property=\"article:modified_time\" content=\"2024-08-01T08:27:15+00:00\" \/>\n<meta property=\"og:image\" content=\"https:\/\/www.forminsa.com\/wp-content\/uploads\/2024\/08\/Logo_Forminsa.png\" \/>\n\t<meta property=\"og:image:width\" content=\"1654\" \/>\n\t<meta property=\"og:image:height\" content=\"864\" \/>\n\t<meta property=\"og:image:type\" content=\"image\/png\" \/>\n<meta name=\"twitter:card\" content=\"summary_large_image\" \/>\n<meta name=\"twitter:label1\" content=\"Gesch\u00e4tzte Lesezeit\" \/>\n\t<meta name=\"twitter:data1\" content=\"2\u00a0Minuten\" \/>\n<script type=\"application\/ld+json\" class=\"yoast-schema-graph\">{\"@context\":\"https:\/\/schema.org\",\"@graph\":[{\"@type\":\"WebPage\",\"@id\":\"https:\/\/www.forminsa.com\/de\/datenschutzbestimmungen\/\",\"url\":\"https:\/\/www.forminsa.com\/de\/datenschutzbestimmungen\/\",\"name\":\"Datenschutzbestimmungen | Forminsa\",\"isPartOf\":{\"@id\":\"https:\/\/www.forminsa.com\/de\/#website\"},\"datePublished\":\"2021-04-21T05:39:55+00:00\",\"dateModified\":\"2024-08-01T08:27:15+00:00\",\"breadcrumb\":{\"@id\":\"https:\/\/www.forminsa.com\/de\/datenschutzbestimmungen\/#breadcrumb\"},\"inLanguage\":\"de\",\"potentialAction\":[{\"@type\":\"ReadAction\",\"target\":[\"https:\/\/www.forminsa.com\/de\/datenschutzbestimmungen\/\"]}]},{\"@type\":\"BreadcrumbList\",\"@id\":\"https:\/\/www.forminsa.com\/de\/datenschutzbestimmungen\/#breadcrumb\",\"itemListElement\":[{\"@type\":\"ListItem\",\"position\":1,\"name\":\"Portada\",\"item\":\"https:\/\/www.forminsa.com\/de\/home\/\"},{\"@type\":\"ListItem\",\"position\":2,\"name\":\"Datenschutzbestimmungen\"}]},{\"@type\":\"WebSite\",\"@id\":\"https:\/\/www.forminsa.com\/de\/#website\",\"url\":\"https:\/\/www.forminsa.com\/de\/\",\"name\":\"Forminsa\",\"description\":\"Formin the future\",\"publisher\":{\"@id\":\"https:\/\/www.forminsa.com\/de\/#organization\"},\"alternateName\":\"Forminsa\",\"potentialAction\":[{\"@type\":\"SearchAction\",\"target\":{\"@type\":\"EntryPoint\",\"urlTemplate\":\"https:\/\/www.forminsa.com\/de\/?s={search_term_string}\"},\"query-input\":{\"@type\":\"PropertyValueSpecification\",\"valueRequired\":true,\"valueName\":\"search_term_string\"}}],\"inLanguage\":\"de\"},{\"@type\":\"Organization\",\"@id\":\"https:\/\/www.forminsa.com\/de\/#organization\",\"name\":\"Forminsa\",\"alternateName\":\"Forminsa\",\"url\":\"https:\/\/www.forminsa.com\/de\/\",\"logo\":{\"@type\":\"ImageObject\",\"inLanguage\":\"de\",\"@id\":\"https:\/\/www.forminsa.com\/de\/#\/schema\/logo\/image\/\",\"url\":\"https:\/\/www.forminsa.com\/wp-content\/uploads\/2024\/06\/Forminsa-Marker@62-1.png\",\"contentUrl\":\"https:\/\/www.forminsa.com\/wp-content\/uploads\/2024\/06\/Forminsa-Marker@62-1.png\",\"width\":62,\"height\":62,\"caption\":\"Forminsa\"},\"image\":{\"@id\":\"https:\/\/www.forminsa.com\/de\/#\/schema\/logo\/image\/\"},\"sameAs\":[\"https:\/\/www.forminsa.com\/\"]}]}<\/script>\n<!-- \/ Yoast SEO plugin. -->","yoast_head_json":{"title":"Datenschutzbestimmungen | Forminsa","robots":{"index":"noindex","follow":"follow"},"og_locale":"de_DE","og_type":"article","og_title":"Datenschutzbestimmungen | Forminsa","og_description":"Allgemeine Datenschutzverordnung (RGDP) &#8211; Dezember 2018. Wir informieren Sie, dass die personenbezogenen Daten unserer Kunden in \u00dcbereinstimmung mit der geltenden Gesetzgebung zum Schutz personenbezogener Daten, der Privatsph\u00e4re der Nutzer und der Geheimhaltung und Sicherheit personenbezogener Daten behandelt werden, in \u00dcbereinstimmung mit den Bestimmungen des spanischen Organgesetzes 3\/2018, vom 5. Dezember \u00fcber den Schutz personenbezogener Daten&hellip;&nbsp;Weiterlesen &raquo;Datenschutzbestimmungen","og_url":"https:\/\/www.forminsa.com\/de\/datenschutzbestimmungen\/","og_site_name":"Forminsa","article_modified_time":"2024-08-01T08:27:15+00:00","og_image":[{"width":1654,"height":864,"url":"https:\/\/www.forminsa.com\/wp-content\/uploads\/2024\/08\/Logo_Forminsa.png","type":"image\/png"}],"twitter_card":"summary_large_image","twitter_misc":{"Gesch\u00e4tzte Lesezeit":"2\u00a0Minuten"},"schema":{"@context":"https:\/\/schema.org","@graph":[{"@type":"WebPage","@id":"https:\/\/www.forminsa.com\/de\/datenschutzbestimmungen\/","url":"https:\/\/www.forminsa.com\/de\/datenschutzbestimmungen\/","name":"Datenschutzbestimmungen | Forminsa","isPartOf":{"@id":"https:\/\/www.forminsa.com\/de\/#website"},"datePublished":"2021-04-21T05:39:55+00:00","dateModified":"2024-08-01T08:27:15+00:00","breadcrumb":{"@id":"https:\/\/www.forminsa.com\/de\/datenschutzbestimmungen\/#breadcrumb"},"inLanguage":"de","potentialAction":[{"@type":"ReadAction","target":["https:\/\/www.forminsa.com\/de\/datenschutzbestimmungen\/"]}]},{"@type":"BreadcrumbList","@id":"https:\/\/www.forminsa.com\/de\/datenschutzbestimmungen\/#breadcrumb","itemListElement":[{"@type":"ListItem","position":1,"name":"Portada","item":"https:\/\/www.forminsa.com\/de\/home\/"},{"@type":"ListItem","position":2,"name":"Datenschutzbestimmungen"}]},{"@type":"WebSite","@id":"https:\/\/www.forminsa.com\/de\/#website","url":"https:\/\/www.forminsa.com\/de\/","name":"Forminsa","description":"Formin the future","publisher":{"@id":"https:\/\/www.forminsa.com\/de\/#organization"},"alternateName":"Forminsa","potentialAction":[{"@type":"SearchAction","target":{"@type":"EntryPoint","urlTemplate":"https:\/\/www.forminsa.com\/de\/?s={search_term_string}"},"query-input":{"@type":"PropertyValueSpecification","valueRequired":true,"valueName":"search_term_string"}}],"inLanguage":"de"},{"@type":"Organization","@id":"https:\/\/www.forminsa.com\/de\/#organization","name":"Forminsa","alternateName":"Forminsa","url":"https:\/\/www.forminsa.com\/de\/","logo":{"@type":"ImageObject","inLanguage":"de","@id":"https:\/\/www.forminsa.com\/de\/#\/schema\/logo\/image\/","url":"https:\/\/www.forminsa.com\/wp-content\/uploads\/2024\/06\/Forminsa-Marker@62-1.png","contentUrl":"https:\/\/www.forminsa.com\/wp-content\/uploads\/2024\/06\/Forminsa-Marker@62-1.png","width":62,"height":62,"caption":"Forminsa"},"image":{"@id":"https:\/\/www.forminsa.com\/de\/#\/schema\/logo\/image\/"},"sameAs":["https:\/\/www.forminsa.com\/"]}]}},"_links":{"self":[{"href":"https:\/\/www.forminsa.com\/de\/wp-json\/wp\/v2\/pages\/3376","targetHints":{"allow":["GET"]}}],"collection":[{"href":"https:\/\/www.forminsa.com\/de\/wp-json\/wp\/v2\/pages"}],"about":[{"href":"https:\/\/www.forminsa.com\/de\/wp-json\/wp\/v2\/types\/page"}],"author":[{"embeddable":true,"href":"https:\/\/www.forminsa.com\/de\/wp-json\/wp\/v2\/users\/1"}],"replies":[{"embeddable":true,"href":"https:\/\/www.forminsa.com\/de\/wp-json\/wp\/v2\/comments?post=3376"}],"version-history":[{"count":2,"href":"https:\/\/www.forminsa.com\/de\/wp-json\/wp\/v2\/pages\/3376\/revisions"}],"predecessor-version":[{"id":3719,"href":"https:\/\/www.forminsa.com\/de\/wp-json\/wp\/v2\/pages\/3376\/revisions\/3719"}],"wp:attachment":[{"href":"https:\/\/www.forminsa.com\/de\/wp-json\/wp\/v2\/media?parent=3376"}],"curies":[{"name":"wp","href":"https:\/\/api.w.org\/{rel}","templated":true}]}}